{"id":542,"date":"2023-03-15T13:29:34","date_gmt":"2023-03-15T12:29:34","guid":{"rendered":"http:\/\/youthtoolkit.adaptationportal.gca.org\/introduction\/"},"modified":"2025-08-05T11:37:36","modified_gmt":"2025-08-05T09:37:36","slug":"introduction","status":"publish","type":"page","link":"https:\/\/youthtoolkit.gca.org\/fr\/introduction\/","title":{"rendered":"Introduction"},"content":{"rendered":"<h1><strong>Bienvenue dans la bo\u00eete \u00e0 outils pour la jeunesse sur l\u2019Adaptation et le Leadership!<\/strong><\/h1>\n<p>Le changement climatique est en train de remodeler le monde dont les jeunes ont h\u00e9rit\u00e9 et ils en supporteront les co\u00fbts dans les d\u00e9cennies \u00e0 venir. Cependant, les jeunes sont souvent exclus des r\u00f4les de leadership et des activit\u00e9s de prise de d\u00e9cision li\u00e9es \u00e0 l&#8217;adaptation au changement climatique. Cette bo\u00eete \u00e0 outils pour la Jeunesse sur l\u2019Adaptation et le Leadership\u00a0permet aux jeunes d&#8217;acqu\u00e9rir les connaissances et les comp\u00e9tences n\u00e9cessaires pour s&#8217;engager dans la politique, le plaidoyer et l&#8217;action en mati\u00e8re d&#8217;adaptation au changement climatique. Dans cette bo\u00eete \u00e0 outils, les termes &#8220;jeunes&#8221; et &#8220;jeunes gens&#8221; d\u00e9signent les personnes \u00e2g\u00e9es de 15 \u00e0 35 ans.<\/p>\n<p>Le &#8220;Toolkit for Youth on Leadership &amp; Adaptation&#8221; est un projet du Global Center on Adaptation Youth Leadership Program, d\u00e9velopp\u00e9 par le CARE Climate Justice Center avec le soutien financier de Norad. Il a \u00e9t\u00e9 \u00e9labor\u00e9 gr\u00e2ce aux contributions de jeunes qui, comme vous, sont pr\u00e9occup\u00e9s par les impacts du changement climatique et ont \u00e9t\u00e9 confront\u00e9s \u00e0 des d\u00e9fis lorsqu&#8217;ils ont d\u00e9fendu et pris des mesures d&#8217;adaptation.<\/p>\n\n    <div class=\"logos\">\n\t    \t        <div class=\"logos__item\">\n\n\t\t        \t\t\t        \t\t\t\t        <a class=\"logos__item-link\" target=\"_blank\" href=\"https:\/\/gca.org\/programs\/youth-leadership\/\">\n\t\t        \n\t\t        <img decoding=\"async\" width=\"254\" height=\"99\" src=\"https:\/\/youthtoolkit.gca.org\/wp-content\/uploads\/2023\/03\/gca.png\" class=\"attachment-large size-large\" alt=\"\" \/>\n\t\t        \t\t\t\t\t<\/a>\n\t\t        \t        <\/div>\n\t    \t        <div class=\"logos__item\">\n\n\t\t        \t\t\t        \t\t\t\t        <a class=\"logos__item-link\" target=\"_blank\" href=\"https:\/\/careclimatechange.org\/academy\">\n\t\t        \n\t\t        <img decoding=\"async\" width=\"240\" height=\"78\" src=\"https:\/\/youthtoolkit.gca.org\/wp-content\/uploads\/2023\/03\/care.png\" class=\"attachment-large size-large\" alt=\"\" \/>\n\t\t        \t\t\t\t\t<\/a>\n\t\t        \t        <\/div>\n\t    \t        <div class=\"logos__item\">\n\n\t\t        \t\t\t        \t\t\t\t        <a class=\"logos__item-link\" target=\"_blank\" href=\"https:\/\/www.norad.no\/en\/front\/\">\n\t\t        \n\t\t        <img decoding=\"async\" width=\"240\" height=\"101\" src=\"https:\/\/youthtoolkit.gca.org\/wp-content\/uploads\/2023\/03\/norad.png\" class=\"attachment-large size-large\" alt=\"\" \/>\n\t\t        \t\t\t\t\t<\/a>\n\t\t        \t        <\/div>\n\t        <\/div>\n\n","protected":false},"excerpt":{"rendered":"<p>Bienvenue dans la bo\u00eete \u00e0 outils pour la jeunesse sur l\u2019Adaptation et le Leadership! Le changement climatique est en train de remodeler le monde dont les jeunes ont h\u00e9rit\u00e9 et ils en supporteront les co\u00fbts dans les d\u00e9cennies \u00e0 venir. Cependant, les jeunes sont souvent exclus des r\u00f4les de leadership et des activit\u00e9s de prise [&hellip;]<\/p>\n","protected":false},"author":6,"featured_media":0,"parent":0,"menu_order":0,"comment_status":"closed","ping_status":"closed","template":"templates\/introduction.php","meta":{"_acf_changed":false,"footnotes":""},"glossary":[],"class_list":["post-542","page","type-page","status-publish","hentry"],"acf":[],"yoast_head":"<!-- This site is optimized with the Yoast SEO plugin v25.4 - https:\/\/yoast.com\/wordpress\/plugins\/seo\/ -->\n<title>Introduction - Toolkit for Youth on Adaptation &amp; Leadership<\/title>\n<meta name=\"robots\" content=\"index, follow, max-snippet:-1, max-image-preview:large, max-video-preview:-1\" \/>\n<link rel=\"canonical\" href=\"https:\/\/youthtoolkit.gca.org\/fr\/introduction\/\" \/>\n<meta property=\"og:locale\" content=\"fr_FR\" \/>\n<meta property=\"og:type\" content=\"article\" \/>\n<meta property=\"og:title\" content=\"Introduction - Toolkit for Youth on Adaptation &amp; Leadership\" \/>\n<meta property=\"og:description\" content=\"Bienvenue dans la bo\u00eete \u00e0 outils pour la jeunesse sur l\u2019Adaptation et le Leadership! Le changement climatique est en train de remodeler le monde dont les jeunes ont h\u00e9rit\u00e9 et ils en supporteront les co\u00fbts dans les d\u00e9cennies \u00e0 venir. Cependant, les jeunes sont souvent exclus des r\u00f4les de leadership et des activit\u00e9s de prise [&hellip;]\" \/>\n<meta property=\"og:url\" content=\"https:\/\/youthtoolkit.gca.org\/fr\/introduction\/\" \/>\n<meta property=\"og:site_name\" content=\"Toolkit for Youth on Adaptation &amp; Leadership\" \/>\n<meta property=\"article:modified_time\" content=\"2025-08-05T09:37:36+00:00\" \/>\n<meta name=\"twitter:card\" content=\"summary_large_image\" \/>\n<meta name=\"twitter:label1\" content=\"Est. reading time\" \/>\n\t<meta name=\"twitter:data1\" content=\"1 minute\" \/>\n<script type=\"application\/ld+json\" class=\"yoast-schema-graph\">{\"@context\":\"https:\/\/schema.org\",\"@graph\":[{\"@type\":\"WebPage\",\"@id\":\"https:\/\/youthtoolkit.gca.org\/fr\/introduction\/\",\"url\":\"https:\/\/youthtoolkit.gca.org\/fr\/introduction\/\",\"name\":\"Introduction - Toolkit for Youth on Adaptation &amp; Leadership\",\"isPartOf\":{\"@id\":\"https:\/\/youthtoolkit.gca.org\/#website\"},\"datePublished\":\"2023-03-15T12:29:34+00:00\",\"dateModified\":\"2025-08-05T09:37:36+00:00\",\"breadcrumb\":{\"@id\":\"https:\/\/youthtoolkit.gca.org\/fr\/introduction\/#breadcrumb\"},\"inLanguage\":\"fr-FR\",\"potentialAction\":[{\"@type\":\"ReadAction\",\"target\":[\"https:\/\/youthtoolkit.gca.org\/fr\/introduction\/\"]}]},{\"@type\":\"BreadcrumbList\",\"@id\":\"https:\/\/youthtoolkit.gca.org\/fr\/introduction\/#breadcrumb\",\"itemListElement\":[{\"@type\":\"ListItem\",\"position\":1,\"name\":\"Home\",\"item\":\"https:\/\/youthtoolkit.gca.org\/\"},{\"@type\":\"ListItem\",\"position\":2,\"name\":\"Introduction\"}]},{\"@type\":\"WebSite\",\"@id\":\"https:\/\/youthtoolkit.gca.org\/#website\",\"url\":\"https:\/\/youthtoolkit.gca.org\/\",\"name\":\"Toolkit for Youth on Adaptation &amp; Leadership\",\"description\":\"\",\"potentialAction\":[{\"@type\":\"SearchAction\",\"target\":{\"@type\":\"EntryPoint\",\"urlTemplate\":\"https:\/\/youthtoolkit.gca.org\/?s={search_term_string}\"},\"query-input\":{\"@type\":\"PropertyValueSpecification\",\"valueRequired\":true,\"valueName\":\"search_term_string\"}}],\"inLanguage\":\"fr-FR\"}]}<\/script>\n<!-- \/ Yoast SEO plugin. -->","yoast_head_json":{"title":"Introduction - Toolkit for Youth on Adaptation &amp; Leadership","robots":{"index":"index","follow":"follow","max-snippet":"max-snippet:-1","max-image-preview":"max-image-preview:large","max-video-preview":"max-video-preview:-1"},"canonical":"https:\/\/youthtoolkit.gca.org\/fr\/introduction\/","og_locale":"fr_FR","og_type":"article","og_title":"Introduction - Toolkit for Youth on Adaptation &amp; Leadership","og_description":"Bienvenue dans la bo\u00eete \u00e0 outils pour la jeunesse sur l\u2019Adaptation et le Leadership! Le changement climatique est en train de remodeler le monde dont les jeunes ont h\u00e9rit\u00e9 et ils en supporteront les co\u00fbts dans les d\u00e9cennies \u00e0 venir. Cependant, les jeunes sont souvent exclus des r\u00f4les de leadership et des activit\u00e9s de prise [&hellip;]","og_url":"https:\/\/youthtoolkit.gca.org\/fr\/introduction\/","og_site_name":"Toolkit for Youth on Adaptation &amp; Leadership","article_modified_time":"2025-08-05T09:37:36+00:00","twitter_card":"summary_large_image","twitter_misc":{"Est. reading time":"1 minute"},"schema":{"@context":"https:\/\/schema.org","@graph":[{"@type":"WebPage","@id":"https:\/\/youthtoolkit.gca.org\/fr\/introduction\/","url":"https:\/\/youthtoolkit.gca.org\/fr\/introduction\/","name":"Introduction - Toolkit for Youth on Adaptation &amp; Leadership","isPartOf":{"@id":"https:\/\/youthtoolkit.gca.org\/#website"},"datePublished":"2023-03-15T12:29:34+00:00","dateModified":"2025-08-05T09:37:36+00:00","breadcrumb":{"@id":"https:\/\/youthtoolkit.gca.org\/fr\/introduction\/#breadcrumb"},"inLanguage":"fr-FR","potentialAction":[{"@type":"ReadAction","target":["https:\/\/youthtoolkit.gca.org\/fr\/introduction\/"]}]},{"@type":"BreadcrumbList","@id":"https:\/\/youthtoolkit.gca.org\/fr\/introduction\/#breadcrumb","itemListElement":[{"@type":"ListItem","position":1,"name":"Home","item":"https:\/\/youthtoolkit.gca.org\/"},{"@type":"ListItem","position":2,"name":"Introduction"}]},{"@type":"WebSite","@id":"https:\/\/youthtoolkit.gca.org\/#website","url":"https:\/\/youthtoolkit.gca.org\/","name":"Toolkit for Youth on Adaptation &amp; Leadership","description":"","potentialAction":[{"@type":"SearchAction","target":{"@type":"EntryPoint","urlTemplate":"https:\/\/youthtoolkit.gca.org\/?s={search_term_string}"},"query-input":{"@type":"PropertyValueSpecification","valueRequired":true,"valueName":"search_term_string"}}],"inLanguage":"fr-FR"}]}},"_links":{"self":[{"href":"https:\/\/youthtoolkit.gca.org\/fr\/wp-json\/wp\/v2\/pages\/542","targetHints":{"allow":["GET"]}}],"collection":[{"href":"https:\/\/youthtoolkit.gca.org\/fr\/wp-json\/wp\/v2\/pages"}],"about":[{"href":"https:\/\/youthtoolkit.gca.org\/fr\/wp-json\/wp\/v2\/types\/page"}],"author":[{"embeddable":true,"href":"https:\/\/youthtoolkit.gca.org\/fr\/wp-json\/wp\/v2\/users\/6"}],"replies":[{"embeddable":true,"href":"https:\/\/youthtoolkit.gca.org\/fr\/wp-json\/wp\/v2\/comments?post=542"}],"version-history":[{"count":10,"href":"https:\/\/youthtoolkit.gca.org\/fr\/wp-json\/wp\/v2\/pages\/542\/revisions"}],"predecessor-version":[{"id":2734,"href":"https:\/\/youthtoolkit.gca.org\/fr\/wp-json\/wp\/v2\/pages\/542\/revisions\/2734"}],"wp:attachment":[{"href":"https:\/\/youthtoolkit.gca.org\/fr\/wp-json\/wp\/v2\/media?parent=542"}],"wp:term":[{"taxonomy":"glossary","embeddable":true,"href":"https:\/\/youthtoolkit.gca.org\/fr\/wp-json\/wp\/v2\/glossary?post=542"}],"curies":[{"name":"wp","href":"https:\/\/api.w.org\/{rel}","templated":true}]}}