{"id":1012,"date":"2023-03-18T11:25:41","date_gmt":"2023-03-18T10:25:41","guid":{"rendered":"http:\/\/youthtoolkit.adaptationportal.gca.org\/about\/"},"modified":"2025-08-12T07:57:28","modified_gmt":"2025-08-12T05:57:28","slug":"about","status":"publish","type":"page","link":"https:\/\/youthtoolkit.gca.org\/fr\/about\/","title":{"rendered":"\u00c0 propos"},"content":{"rendered":"<h1>Bienvenue dans la bo\u00eete \u00e0 outils pour la jeunesse sur l\u2019adaptation et le leadership !<\/h1>\n<h2>\u00c0 qui s&#8217;adresse cette bo\u00eete \u00e0 outils ?<\/h2>\n<p>Le changement climatique est en train de remodeler le monde dont les jeunes ont h\u00e9rit\u00e9 et ils en supporteront les co\u00fbts dans les d\u00e9cennies \u00e0 venir. Cependant, les jeunes sont souvent exclus des r\u00f4les de leadership et des activit\u00e9s de prise de d\u00e9cision li\u00e9es \u00e0 l&#8217;adaptation au changement climatique. Cette bo\u00eete \u00e0 outils pour les jeunes sur le leadership et l&#8217;adaptation permet aux jeunes d&#8217;acqu\u00e9rir les connaissances et les comp\u00e9tences n\u00e9cessaires pour s&#8217;engager dans la politique, le plaidoyer et l&#8217;action en mati\u00e8re d&#8217;adaptation au changement climatique. Dans cette bo\u00eete \u00e0 outils, les termes &#8220;jeunes&#8221; et &#8220;jeunes gens&#8221; d\u00e9signent les personnes \u00e2g\u00e9es de 15 \u00e0 35 ans.<\/p>\n<h2>Ce que vous apprendrez<\/h2>\n<p>La bo\u00eete \u00e0 outils contient des documents essentiels et des conseils pratiques sur la mani\u00e8re dont vous, en tant que jeune, pouvez prendre part aux processus politiques d&#8217;adaptation, mener des campagnes de sensibilisation et aborder l&#8217;adaptation avec un esprit d&#8217;entreprise.<\/p>\n<p>Il fournit des outils pour concevoir et mettre en \u0153uvre vos propres actions d&#8217;adaptation au changement climatique afin que vous puissiez faire partie de la solution \u00e0 la crise climatique.<\/p>\n<h2>Comment utiliser la bo\u00eete \u00e0 outils<\/h2>\n<p>La bo\u00eete \u00e0 outils comprend huit modules :<\/p>\n\n    <div class=\"module-cards\" data-horizontal-swiper>\n        <div class=\"horizontal-swiper swiper\">\n            <div class=\"swiper-wrapper\">\n\t\t\t\t\t\t\t\t\t\n                    <div class=\"module-cards__item swiper-slide\">\n                        <div class=\"module-cards__item-container\" style=\"background-color:#47763e\">\n\t                        \t\t                        <img decoding=\"async\" width=\"345\" height=\"345\" src=\"https:\/\/youthtoolkit.gca.org\/wp-content\/uploads\/2023\/03\/earth@3x-min.png\" class=\"module-cards__image wp-post-image\" alt=\"\" srcset=\"https:\/\/youthtoolkit.gca.org\/wp-content\/uploads\/2023\/03\/earth@3x-min.png 345w, https:\/\/youthtoolkit.gca.org\/wp-content\/uploads\/2023\/03\/earth@3x-min-300x300.png 300w, https:\/\/youthtoolkit.gca.org\/wp-content\/uploads\/2023\/03\/earth@3x-min-150x150.png 150w\" sizes=\"(max-width: 345px) 100vw, 345px\" \/>\t                        \n\t\t\t\t\t\t\t                                <div class=\"module-cards__number\">\n\t\t\t\t\t\t\t\t\tModule 1                                <\/div>\n\t\t\t\t\t\t\t\n\t\t\t\t\t\t\t                                <h2 class=\"module-cards__title\">\n\t\t\t\t\t\t\t\t\t<span><strong>Comprendre :<\/strong> Changement Climatique <\/span>                                <\/h2>\n\t\t\t\t\t\t\t                        <\/div>\n                    <\/div>\n\t\t\t\t\t\t\t\t\t\n                    <div class=\"module-cards__item swiper-slide\">\n                        <div class=\"module-cards__item-container\" style=\"background-color:#52b0b9\">\n\t                        \t\t                        <img decoding=\"async\" width=\"345\" height=\"345\" src=\"https:\/\/youthtoolkit.gca.org\/wp-content\/uploads\/2023\/03\/tree-and-water@3x-min.png\" class=\"module-cards__image wp-post-image\" alt=\"\" srcset=\"https:\/\/youthtoolkit.gca.org\/wp-content\/uploads\/2023\/03\/tree-and-water@3x-min.png 345w, https:\/\/youthtoolkit.gca.org\/wp-content\/uploads\/2023\/03\/tree-and-water@3x-min-300x300.png 300w, https:\/\/youthtoolkit.gca.org\/wp-content\/uploads\/2023\/03\/tree-and-water@3x-min-150x150.png 150w\" sizes=\"(max-width: 345px) 100vw, 345px\" \/>\t                        \n\t\t\t\t\t\t\t                                <div class=\"module-cards__number\">\n\t\t\t\t\t\t\t\t\tModule 2                                <\/div>\n\t\t\t\t\t\t\t\n\t\t\t\t\t\t\t                                <h2 class=\"module-cards__title\">\n\t\t\t\t\t\t\t\t\t<span><strong>Comprendre:<\/strong> Les bases de la vuln\u00e9rabilit\u00e9 et de l'adaptation au changement climatique <\/span>                                <\/h2>\n\t\t\t\t\t\t\t                        <\/div>\n                    <\/div>\n\t\t\t\t\t\t\t\t\t\n                    <div class=\"module-cards__item swiper-slide\">\n                        <div class=\"module-cards__item-container\" style=\"background-color:#69c78a\">\n\t                        \t\t                        <img decoding=\"async\" width=\"345\" height=\"345\" src=\"https:\/\/youthtoolkit.gca.org\/wp-content\/uploads\/2023\/03\/woman@3x-min.png\" class=\"module-cards__image wp-post-image\" alt=\"\" srcset=\"https:\/\/youthtoolkit.gca.org\/wp-content\/uploads\/2023\/03\/woman@3x-min.png 345w, https:\/\/youthtoolkit.gca.org\/wp-content\/uploads\/2023\/03\/woman@3x-min-300x300.png 300w, https:\/\/youthtoolkit.gca.org\/wp-content\/uploads\/2023\/03\/woman@3x-min-150x150.png 150w\" sizes=\"(max-width: 345px) 100vw, 345px\" \/>\t                        \n\t\t\t\t\t\t\t                                <div class=\"module-cards__number\">\n\t\t\t\t\t\t\t\t\tModule 3                                <\/div>\n\t\t\t\t\t\t\t\n\t\t\t\t\t\t\t                                <h2 class=\"module-cards__title\">\n\t\t\t\t\t\t\t\t\t<span><strong>Comprendre:<\/strong> Groupes vuln\u00e9rables et Planification de l\u2019adaptation climatique<\/span>                                <\/h2>\n\t\t\t\t\t\t\t                        <\/div>\n                    <\/div>\n\t\t\t\t\t\t\t\t\t\n                    <div class=\"module-cards__item swiper-slide\">\n                        <div class=\"module-cards__item-container\" style=\"background-color:#e78e6e\">\n\t                        \t\t                        <img decoding=\"async\" width=\"345\" height=\"345\" src=\"https:\/\/youthtoolkit.gca.org\/wp-content\/uploads\/2023\/03\/africa@3x-min.png\" class=\"module-cards__image wp-post-image\" alt=\"\" srcset=\"https:\/\/youthtoolkit.gca.org\/wp-content\/uploads\/2023\/03\/africa@3x-min.png 345w, https:\/\/youthtoolkit.gca.org\/wp-content\/uploads\/2023\/03\/africa@3x-min-300x300.png 300w, https:\/\/youthtoolkit.gca.org\/wp-content\/uploads\/2023\/03\/africa@3x-min-150x150.png 150w\" sizes=\"(max-width: 345px) 100vw, 345px\" \/>\t                        \n\t\t\t\t\t\t\t                                <div class=\"module-cards__number\">\n\t\t\t\t\t\t\t\t\tModule 4                                <\/div>\n\t\t\t\t\t\t\t\n\t\t\t\t\t\t\t                                <h2 class=\"module-cards__title\">\n\t\t\t\t\t\t\t\t\t<span><strong>Apprendre:<\/strong> Des solutions d\u2019adaptation au climat propos\u00e9es par les jeunes\u00a0: \u00c9tudes de cas africains\r\n<\/span>                                <\/h2>\n\t\t\t\t\t\t\t                        <\/div>\n                    <\/div>\n\t\t\t\t\t\t\t\t\t\n                    <div class=\"module-cards__item swiper-slide\">\n                        <div class=\"module-cards__item-container\" style=\"background-color:#db687a\">\n\t                        \t\t                        <img decoding=\"async\" width=\"345\" height=\"345\" src=\"https:\/\/youthtoolkit.gca.org\/wp-content\/uploads\/2023\/03\/tools@3x-min.png\" class=\"module-cards__image wp-post-image\" alt=\"\" srcset=\"https:\/\/youthtoolkit.gca.org\/wp-content\/uploads\/2023\/03\/tools@3x-min.png 345w, https:\/\/youthtoolkit.gca.org\/wp-content\/uploads\/2023\/03\/tools@3x-min-300x300.png 300w, https:\/\/youthtoolkit.gca.org\/wp-content\/uploads\/2023\/03\/tools@3x-min-150x150.png 150w\" sizes=\"(max-width: 345px) 100vw, 345px\" \/>\t                        \n\t\t\t\t\t\t\t                                <div class=\"module-cards__number\">\n\t\t\t\t\t\t\t\t\tModule 5                                <\/div>\n\t\t\t\t\t\t\t\n\t\t\t\t\t\t\t                                <h2 class=\"module-cards__title\">\n\t\t\t\t\t\t\t\t\t<span><strong>D\u00e9velopper:<\/strong> Renforcer les comp\u00e9tences non techniques (soft skills) des jeunes leaders en mati\u00e8re d\u2019adaptation.<\/span>                                <\/h2>\n\t\t\t\t\t\t\t                        <\/div>\n                    <\/div>\n\t\t\t\t\t\t\t\t\t\n                    <div class=\"module-cards__item swiper-slide\">\n                        <div class=\"module-cards__item-container\" style=\"background-color:#C978C7\">\n\t                        \t\t                        <img decoding=\"async\" width=\"345\" height=\"345\" src=\"https:\/\/youthtoolkit.gca.org\/wp-content\/uploads\/2023\/03\/raising-hands@3x-min.png\" class=\"module-cards__image wp-post-image\" alt=\"\" srcset=\"https:\/\/youthtoolkit.gca.org\/wp-content\/uploads\/2023\/03\/raising-hands@3x-min.png 345w, https:\/\/youthtoolkit.gca.org\/wp-content\/uploads\/2023\/03\/raising-hands@3x-min-300x300.png 300w, https:\/\/youthtoolkit.gca.org\/wp-content\/uploads\/2023\/03\/raising-hands@3x-min-150x150.png 150w\" sizes=\"(max-width: 345px) 100vw, 345px\" \/>\t                        \n\t\t\t\t\t\t\t                                <div class=\"module-cards__number\">\n\t\t\t\t\t\t\t\t\tModule 6                                <\/div>\n\t\t\t\t\t\t\t\n\t\t\t\t\t\t\t                                <h2 class=\"module-cards__title\">\n\t\t\t\t\t\t\t\t\t<span><strong>S'engager:<\/strong> Climate adaptation policies: local, national, and international<\/span>                                <\/h2>\n\t\t\t\t\t\t\t                        <\/div>\n                    <\/div>\n\t\t\t\t\t\t\t\t\t\n                    <div class=\"module-cards__item swiper-slide\">\n                        <div class=\"module-cards__item-container\" style=\"background-color:#906dcd\">\n\t                        \t\t                        <img decoding=\"async\" width=\"345\" height=\"345\" src=\"https:\/\/youthtoolkit.gca.org\/wp-content\/uploads\/2023\/03\/megaphone@3x-min.png\" class=\"module-cards__image wp-post-image\" alt=\"\" srcset=\"https:\/\/youthtoolkit.gca.org\/wp-content\/uploads\/2023\/03\/megaphone@3x-min.png 345w, https:\/\/youthtoolkit.gca.org\/wp-content\/uploads\/2023\/03\/megaphone@3x-min-300x300.png 300w, https:\/\/youthtoolkit.gca.org\/wp-content\/uploads\/2023\/03\/megaphone@3x-min-150x150.png 150w\" sizes=\"(max-width: 345px) 100vw, 345px\" \/>\t                        \n\t\t\t\t\t\t\t                                <div class=\"module-cards__number\">\n\t\t\t\t\t\t\t\t\tModule 7                                <\/div>\n\t\t\t\t\t\t\t\n\t\t\t\t\t\t\t                                <h2 class=\"module-cards__title\">\n\t\t\t\t\t\t\t\t\t<span><strong>D\u00e9velopper:<\/strong> Strat\u00e9gie d\u2019adaptation et de plaidoyer<\/span>                                <\/h2>\n\t\t\t\t\t\t\t                        <\/div>\n                    <\/div>\n\t\t\t\t\t\t\t\t\t\n                    <div class=\"module-cards__item swiper-slide\">\n                        <div class=\"module-cards__item-container\" style=\"background-color:#5154cd\">\n\t                        \t\t                        <img decoding=\"async\" width=\"345\" height=\"345\" src=\"https:\/\/youthtoolkit.gca.org\/wp-content\/uploads\/2023\/03\/pencil@3x-min.png\" class=\"module-cards__image wp-post-image\" alt=\"\" srcset=\"https:\/\/youthtoolkit.gca.org\/wp-content\/uploads\/2023\/03\/pencil@3x-min.png 345w, https:\/\/youthtoolkit.gca.org\/wp-content\/uploads\/2023\/03\/pencil@3x-min-300x300.png 300w, https:\/\/youthtoolkit.gca.org\/wp-content\/uploads\/2023\/03\/pencil@3x-min-150x150.png 150w\" sizes=\"(max-width: 345px) 100vw, 345px\" \/>\t                        \n\t\t\t\t\t\t\t                                <div class=\"module-cards__number\">\n\t\t\t\t\t\t\t\t\tModule 8                                <\/div>\n\t\t\t\t\t\t\t\n\t\t\t\t\t\t\t                                <h2 class=\"module-cards__title\">\n\t\t\t\t\t\t\t\t\t<span><strong>\u00c9laborer:<\/strong> Action D\u2019adaptation<\/span>                                <\/h2>\n\t\t\t\t\t\t\t                        <\/div>\n                    <\/div>\n\t\t\t\t            <\/div>\n        <\/div>\n    <\/div>\n\n<p>Chaque module comprend quatre sections :<\/p>\n<p><img decoding=\"async\" class=\"alignnone size-full wp-image-896 aligncenter\" src=\"https:\/\/youthtoolkit.gca.org\/wp-content\/uploads\/2023\/03\/Warm-Up-2.svg\" alt=\"\" \/><\/p>\n<p><strong>L&#8217;\u00e9chauffement<\/strong> est le point de d\u00e9part. Il offre une vue d&#8217;ensemble des concepts cl\u00e9s du module, sur la base des derni\u00e8res recherches et des meilleures pratiques. Il met en \u00e9vidence les outils que vous pouvez utiliser pour appliquer ce que vous avez appris et d\u00e9velopper vos comp\u00e9tences en mati\u00e8re de leadership.<\/p>\n<p><img decoding=\"async\" class=\"alignnone size-full wp-image-893 aligncenter\" src=\"https:\/\/youthtoolkit.gca.org\/wp-content\/uploads\/2023\/03\/Heat-Wave-2.svg\" alt=\"\" \/><\/p>\n<p><strong>Vague de chaleur<\/strong> vous permettra d&#8217;approfondir votre compr\u00e9hension. Vous trouverez des liens vers des recherches scientifiques, des publications importantes et des outils permettant d&#8217;explorer et d&#8217;appliquer les concepts cl\u00e9s<\/p>\n<p><img decoding=\"async\" class=\"alignnone size-full wp-image-887 aligncenter\" src=\"https:\/\/youthtoolkit.gca.org\/wp-content\/uploads\/2023\/03\/Bright-Spark-2.svg\" alt=\"\" \/><\/p>\n<p><strong>Pour en savoir<\/strong> <strong>plus<\/strong> est l&#8217;endroit id\u00e9al pour s&#8217;inspirer. Lisez des \u00e9tudes de cas, regardez des vid\u00e9os et \u00e9coutez des podcasts sur les jeunes leaders climatiques pour vous motiver \u00e0 mener vos propres actions de lutte contre le changement climatique !<\/p>\n<p><img decoding=\"async\" class=\"alignnone size-full wp-image-890 aligncenter\" src=\"https:\/\/youthtoolkit.gca.org\/wp-content\/uploads\/2023\/03\/Cool-Down-2.svg\" alt=\"\" \/><\/p>\n<p><strong>La derni\u00e8re<\/strong> <strong>\u00e9tape<\/strong> est le temps calmeIci, vous avez la possibilit\u00e9 de tester vos connaissances (\u00e0 l&#8217;aide d&#8217;un petit quiz) et de r\u00e9fl\u00e9chir \u00e0 la mani\u00e8re dont vous pouvez appliquer ce que vous avez appris \u00e0 votre propre action en faveur du climat<\/p>\n<p>&nbsp;<\/p>\n<p>Le &#8220;Toolkit for Youth on Adaptation &amp; Leadership&#8221; est un projet du Global Center on Adaptation Youth Leadership Program, d\u00e9velopp\u00e9 par le CARE Climate Justice Center avec le soutien financier de Norad. Il a \u00e9t\u00e9 \u00e9labor\u00e9 gr\u00e2ce aux contributions de jeunes qui, comme vous, sont pr\u00e9occup\u00e9s par les impacts du changement climatique et ont \u00e9t\u00e9 confront\u00e9s \u00e0 des d\u00e9fis lorsqu&#8217;ils ont d\u00e9fendu et pris des mesures d&#8217;adaptation.<\/p>\n\n    <div class=\"logos\">\n\t    \t        <div class=\"logos__item\">\n\n\t\t        \t\t\t        \t\t\t\t        <a class=\"logos__item-link\" target=\"_blank\" href=\"https:\/\/gca.org\/programs\/youth-leadership\/\">\n\t\t        \n\t\t        <img decoding=\"async\" width=\"254\" height=\"99\" src=\"https:\/\/youthtoolkit.gca.org\/wp-content\/uploads\/2023\/03\/gca.png\" class=\"attachment-large size-large\" alt=\"\" \/>\n\t\t        \t\t\t\t\t<\/a>\n\t\t        \t        <\/div>\n\t    \t        <div class=\"logos__item\">\n\n\t\t        \t\t\t        \t\t\t\t        <a class=\"logos__item-link\" target=\"_blank\" href=\"https:\/\/careclimatechange.org\/academy\">\n\t\t        \n\t\t        <img decoding=\"async\" width=\"240\" height=\"78\" src=\"https:\/\/youthtoolkit.gca.org\/wp-content\/uploads\/2023\/03\/care.png\" class=\"attachment-large size-large\" alt=\"\" \/>\n\t\t        \t\t\t\t\t<\/a>\n\t\t        \t        <\/div>\n\t    \t        <div class=\"logos__item\">\n\n\t\t        \t\t\t        \t\t\t\t        <a class=\"logos__item-link\" target=\"_blank\" href=\"https:\/\/www.norad.no\/en\/front\/\">\n\t\t        \n\t\t        <img decoding=\"async\" width=\"240\" height=\"101\" src=\"https:\/\/youthtoolkit.gca.org\/wp-content\/uploads\/2023\/03\/norad.png\" class=\"attachment-large size-large\" alt=\"\" \/>\n\t\t        \t\t\t\t\t<\/a>\n\t\t        \t        <\/div>\n\t        <\/div>\n\n<p>&nbsp;<\/p>\n<hr \/>\n<blockquote>\n<p style=\"text-align: center;\">My message to young people is that we have the biggest and the most innovative demographic in the world. We are capable of driving the necessary urgency and groundbreaking solutions to address the climate crisis, because not only does it affect our future, but also the health of the current and the generations to come. And it is our responsibility to act, to work together in the natural, multidisciplinary way that we are, in order to really drive the climate ambition that is needed to protect our communities and our planet.<\/p>\n<\/blockquote>\n<p style=\"text-align: center;\"><strong>Omnia El Omrani,<\/strong><br \/>\nCOP27 Youth Envoy from Egypt.<\/p>\n<p>&nbsp;<\/p>\n","protected":false},"excerpt":{"rendered":"<p>Bienvenue dans la bo\u00eete \u00e0 outils pour la jeunesse sur l\u2019adaptation et le leadership ! \u00c0 qui s&#8217;adresse cette bo\u00eete \u00e0 outils ? Le changement climatique est en train de remodeler le monde dont les jeunes ont h\u00e9rit\u00e9 et ils en supporteront les co\u00fbts dans les d\u00e9cennies \u00e0 venir. Cependant, les jeunes sont souvent exclus [&hellip;]<\/p>\n","protected":false},"author":6,"featured_media":0,"parent":0,"menu_order":0,"comment_status":"closed","ping_status":"closed","template":"templates\/about.php","meta":{"_acf_changed":false,"footnotes":""},"glossary":[],"class_list":["post-1012","page","type-page","status-publish","hentry"],"acf":[],"yoast_head":"<!-- This site is optimized with the Yoast SEO plugin v25.4 - https:\/\/yoast.com\/wordpress\/plugins\/seo\/ -->\n<title>\u00c0 propos - Toolkit for Youth on Adaptation &amp; Leadership<\/title>\n<meta name=\"robots\" content=\"index, follow, max-snippet:-1, max-image-preview:large, max-video-preview:-1\" \/>\n<link rel=\"canonical\" href=\"https:\/\/youthtoolkit.gca.org\/fr\/about\/\" \/>\n<meta property=\"og:locale\" content=\"fr_FR\" \/>\n<meta property=\"og:type\" content=\"article\" \/>\n<meta property=\"og:title\" content=\"\u00c0 propos - Toolkit for Youth on Adaptation &amp; Leadership\" \/>\n<meta property=\"og:description\" content=\"Bienvenue dans la bo\u00eete \u00e0 outils pour la jeunesse sur l\u2019adaptation et le leadership ! \u00c0 qui s&#8217;adresse cette bo\u00eete \u00e0 outils ? Le changement climatique est en train de remodeler le monde dont les jeunes ont h\u00e9rit\u00e9 et ils en supporteront les co\u00fbts dans les d\u00e9cennies \u00e0 venir. Cependant, les jeunes sont souvent exclus [&hellip;]\" \/>\n<meta property=\"og:url\" content=\"https:\/\/youthtoolkit.gca.org\/fr\/about\/\" \/>\n<meta property=\"og:site_name\" content=\"Toolkit for Youth on Adaptation &amp; Leadership\" \/>\n<meta property=\"article:modified_time\" content=\"2025-08-12T05:57:28+00:00\" \/>\n<meta name=\"twitter:card\" content=\"summary_large_image\" \/>\n<meta name=\"twitter:label1\" content=\"Est. reading time\" \/>\n\t<meta name=\"twitter:data1\" content=\"3 minutes\" \/>\n<script type=\"application\/ld+json\" class=\"yoast-schema-graph\">{\"@context\":\"https:\/\/schema.org\",\"@graph\":[{\"@type\":\"WebPage\",\"@id\":\"https:\/\/youthtoolkit.gca.org\/fr\/about\/\",\"url\":\"https:\/\/youthtoolkit.gca.org\/fr\/about\/\",\"name\":\"\u00c0 propos - Toolkit for Youth on Adaptation &amp; Leadership\",\"isPartOf\":{\"@id\":\"https:\/\/youthtoolkit.gca.org\/#website\"},\"primaryImageOfPage\":{\"@id\":\"https:\/\/youthtoolkit.gca.org\/fr\/about\/#primaryimage\"},\"image\":{\"@id\":\"https:\/\/youthtoolkit.gca.org\/fr\/about\/#primaryimage\"},\"thumbnailUrl\":\"https:\/\/youthtoolkit.gca.org\/wp-content\/uploads\/2023\/03\/Warm-Up-2.svg\",\"datePublished\":\"2023-03-18T10:25:41+00:00\",\"dateModified\":\"2025-08-12T05:57:28+00:00\",\"breadcrumb\":{\"@id\":\"https:\/\/youthtoolkit.gca.org\/fr\/about\/#breadcrumb\"},\"inLanguage\":\"fr-FR\",\"potentialAction\":[{\"@type\":\"ReadAction\",\"target\":[\"https:\/\/youthtoolkit.gca.org\/fr\/about\/\"]}]},{\"@type\":\"ImageObject\",\"inLanguage\":\"fr-FR\",\"@id\":\"https:\/\/youthtoolkit.gca.org\/fr\/about\/#primaryimage\",\"url\":\"https:\/\/youthtoolkit.gca.org\/wp-content\/uploads\/2023\/03\/Warm-Up-2.svg\",\"contentUrl\":\"https:\/\/youthtoolkit.gca.org\/wp-content\/uploads\/2023\/03\/Warm-Up-2.svg\"},{\"@type\":\"BreadcrumbList\",\"@id\":\"https:\/\/youthtoolkit.gca.org\/fr\/about\/#breadcrumb\",\"itemListElement\":[{\"@type\":\"ListItem\",\"position\":1,\"name\":\"Home\",\"item\":\"https:\/\/youthtoolkit.gca.org\/\"},{\"@type\":\"ListItem\",\"position\":2,\"name\":\"\u00c0 propos\"}]},{\"@type\":\"WebSite\",\"@id\":\"https:\/\/youthtoolkit.gca.org\/#website\",\"url\":\"https:\/\/youthtoolkit.gca.org\/\",\"name\":\"Toolkit for Youth on Adaptation &amp; Leadership\",\"description\":\"\",\"potentialAction\":[{\"@type\":\"SearchAction\",\"target\":{\"@type\":\"EntryPoint\",\"urlTemplate\":\"https:\/\/youthtoolkit.gca.org\/?s={search_term_string}\"},\"query-input\":{\"@type\":\"PropertyValueSpecification\",\"valueRequired\":true,\"valueName\":\"search_term_string\"}}],\"inLanguage\":\"fr-FR\"}]}<\/script>\n<!-- \/ Yoast SEO plugin. -->","yoast_head_json":{"title":"\u00c0 propos - Toolkit for Youth on Adaptation &amp; Leadership","robots":{"index":"index","follow":"follow","max-snippet":"max-snippet:-1","max-image-preview":"max-image-preview:large","max-video-preview":"max-video-preview:-1"},"canonical":"https:\/\/youthtoolkit.gca.org\/fr\/about\/","og_locale":"fr_FR","og_type":"article","og_title":"\u00c0 propos - Toolkit for Youth on Adaptation &amp; Leadership","og_description":"Bienvenue dans la bo\u00eete \u00e0 outils pour la jeunesse sur l\u2019adaptation et le leadership ! \u00c0 qui s&#8217;adresse cette bo\u00eete \u00e0 outils ? Le changement climatique est en train de remodeler le monde dont les jeunes ont h\u00e9rit\u00e9 et ils en supporteront les co\u00fbts dans les d\u00e9cennies \u00e0 venir. Cependant, les jeunes sont souvent exclus [&hellip;]","og_url":"https:\/\/youthtoolkit.gca.org\/fr\/about\/","og_site_name":"Toolkit for Youth on Adaptation &amp; Leadership","article_modified_time":"2025-08-12T05:57:28+00:00","twitter_card":"summary_large_image","twitter_misc":{"Est. reading time":"3 minutes"},"schema":{"@context":"https:\/\/schema.org","@graph":[{"@type":"WebPage","@id":"https:\/\/youthtoolkit.gca.org\/fr\/about\/","url":"https:\/\/youthtoolkit.gca.org\/fr\/about\/","name":"\u00c0 propos - Toolkit for Youth on Adaptation &amp; Leadership","isPartOf":{"@id":"https:\/\/youthtoolkit.gca.org\/#website"},"primaryImageOfPage":{"@id":"https:\/\/youthtoolkit.gca.org\/fr\/about\/#primaryimage"},"image":{"@id":"https:\/\/youthtoolkit.gca.org\/fr\/about\/#primaryimage"},"thumbnailUrl":"https:\/\/youthtoolkit.gca.org\/wp-content\/uploads\/2023\/03\/Warm-Up-2.svg","datePublished":"2023-03-18T10:25:41+00:00","dateModified":"2025-08-12T05:57:28+00:00","breadcrumb":{"@id":"https:\/\/youthtoolkit.gca.org\/fr\/about\/#breadcrumb"},"inLanguage":"fr-FR","potentialAction":[{"@type":"ReadAction","target":["https:\/\/youthtoolkit.gca.org\/fr\/about\/"]}]},{"@type":"ImageObject","inLanguage":"fr-FR","@id":"https:\/\/youthtoolkit.gca.org\/fr\/about\/#primaryimage","url":"https:\/\/youthtoolkit.gca.org\/wp-content\/uploads\/2023\/03\/Warm-Up-2.svg","contentUrl":"https:\/\/youthtoolkit.gca.org\/wp-content\/uploads\/2023\/03\/Warm-Up-2.svg"},{"@type":"BreadcrumbList","@id":"https:\/\/youthtoolkit.gca.org\/fr\/about\/#breadcrumb","itemListElement":[{"@type":"ListItem","position":1,"name":"Home","item":"https:\/\/youthtoolkit.gca.org\/"},{"@type":"ListItem","position":2,"name":"\u00c0 propos"}]},{"@type":"WebSite","@id":"https:\/\/youthtoolkit.gca.org\/#website","url":"https:\/\/youthtoolkit.gca.org\/","name":"Toolkit for Youth on Adaptation &amp; Leadership","description":"","potentialAction":[{"@type":"SearchAction","target":{"@type":"EntryPoint","urlTemplate":"https:\/\/youthtoolkit.gca.org\/?s={search_term_string}"},"query-input":{"@type":"PropertyValueSpecification","valueRequired":true,"valueName":"search_term_string"}}],"inLanguage":"fr-FR"}]}},"_links":{"self":[{"href":"https:\/\/youthtoolkit.gca.org\/fr\/wp-json\/wp\/v2\/pages\/1012","targetHints":{"allow":["GET"]}}],"collection":[{"href":"https:\/\/youthtoolkit.gca.org\/fr\/wp-json\/wp\/v2\/pages"}],"about":[{"href":"https:\/\/youthtoolkit.gca.org\/fr\/wp-json\/wp\/v2\/types\/page"}],"author":[{"embeddable":true,"href":"https:\/\/youthtoolkit.gca.org\/fr\/wp-json\/wp\/v2\/users\/6"}],"replies":[{"embeddable":true,"href":"https:\/\/youthtoolkit.gca.org\/fr\/wp-json\/wp\/v2\/comments?post=1012"}],"version-history":[{"count":7,"href":"https:\/\/youthtoolkit.gca.org\/fr\/wp-json\/wp\/v2\/pages\/1012\/revisions"}],"predecessor-version":[{"id":2752,"href":"https:\/\/youthtoolkit.gca.org\/fr\/wp-json\/wp\/v2\/pages\/1012\/revisions\/2752"}],"wp:attachment":[{"href":"https:\/\/youthtoolkit.gca.org\/fr\/wp-json\/wp\/v2\/media?parent=1012"}],"wp:term":[{"taxonomy":"glossary","embeddable":true,"href":"https:\/\/youthtoolkit.gca.org\/fr\/wp-json\/wp\/v2\/glossary?post=1012"}],"curies":[{"name":"wp","href":"https:\/\/api.w.org\/{rel}","templated":true}]}}